{"id":389,"date":"2023-11-30T03:39:03","date_gmt":"2023-11-30T03:39:03","guid":{"rendered":"https:\/\/wp14.salesmatch.org\/?post_type=product&#038;p=389"},"modified":"2024-06-12T01:07:59","modified_gmt":"2024-06-12T01:07:59","slug":"muestra-btc-bioterre","status":"publish","type":"product","link":"https:\/\/bioterre.es\/ca\/product\/muestra-btc-bioterre\/","title":{"rendered":"Mostra BTC Bioterre"},"content":{"rendered":"<p>El BTC Bioterre\u00ae compleix la norma UNE 41410 de construcci\u00f3 amb terra. Per construir 1m2 necessites 30 BTC Bioterre\u00ae. Com que en un palet v\u00e9nen 165 BTC Bioterre\u00ae, podr\u00e0s construir 5,5 m2. Cada bloc mesura 29 x 14,5 x 9,5 cm i pesa aproximadament 8 kg i la seva col\u00b7locaci\u00f3 \u00e9s igual que posar maons convencionals, col\u00b7locant-ho en pla i no de cantell (encara que aquest \u00faltim \u00e9s factible per a tancaments, arcs o elements poc sol\u00b7licitats) per\u00f2 amb un morter fet de cal\u00e7 hidr\u00e0ulica NHL5, barrejat amb sorra i aigua. El BTC Bioterre\u00ae \u00e9s apte tant per a parets revestides amb arrebossat o guix com per a obra vista, i \u00e9s recomanada l'aplicaci\u00f3 d'un protector hidrofugant amb base d'aigua a cada 6-7 anys.<\/p>\n\n\n\n<p>Est\u00e0 redactat el CTE-Terra per l'Institut Eduardo Torroja i diverses universitats per enc\u00e0rrec del Ministeri. Es pot utilitzar tant per fer murs estructurals de 15\/30\/45 cms, c\u00fapules, voltes, arcs, o fer tancaments i envans fins a 10 cms de gruix.<br>El Bioterre es pot deixar vist al mur, estalviant l'arrebossat i donant un acabat m\u00e9s natural i suggeridor. A causa de l'alta in\u00e8rcia t\u00e8rmica a murs sud de 30 cms, es pot utilitzar en projectes bioclim\u00e0tics sense necessitar a\u00efllament, encara que ens trobem a zones clim\u00e0tiques extremes. Molt interessant tamb\u00e9 per fer murs trombe.<\/p>","protected":false},"excerpt":{"rendered":"<p>T'enviarem un bloc de BTC Bioterre de mida real, perqu\u00e8 puguis veure com s\u00f3n els BTC que v\u00e9nen al palet.<\/p>","protected":false},"featured_media":881,"comment_status":"closed","ping_status":"closed","template":"","meta":[],"product_cat":[26],"product_tag":[],"class_list":{"0":"post-389","1":"product","2":"type-product","3":"status-publish","4":"has-post-thumbnail","6":"product_cat-muestra","8":"first","9":"instock","10":"downloadable","11":"taxable","12":"shipping-taxable","13":"purchasable","14":"product-type-simple"},"_links":{"self":[{"href":"https:\/\/bioterre.es\/ca\/wp-json\/wp\/v2\/product\/389","targetHints":{"allow":["GET"]}}],"collection":[{"href":"https:\/\/bioterre.es\/ca\/wp-json\/wp\/v2\/product"}],"about":[{"href":"https:\/\/bioterre.es\/ca\/wp-json\/wp\/v2\/types\/product"}],"replies":[{"embeddable":true,"href":"https:\/\/bioterre.es\/ca\/wp-json\/wp\/v2\/comments?post=389"}],"wp:featuredmedia":[{"embeddable":true,"href":"https:\/\/bioterre.es\/ca\/wp-json\/wp\/v2\/media\/881"}],"wp:attachment":[{"href":"https:\/\/bioterre.es\/ca\/wp-json\/wp\/v2\/media?parent=389"}],"wp:term":[{"taxonomy":"product_cat","embeddable":true,"href":"https:\/\/bioterre.es\/ca\/wp-json\/wp\/v2\/product_cat?post=389"},{"taxonomy":"product_tag","embeddable":true,"href":"https:\/\/bioterre.es\/ca\/wp-json\/wp\/v2\/product_tag?post=389"}],"curies":[{"name":"wp","href":"https:\/\/api.w.org\/{rel}","templated":true}]}}