{"id":72,"date":"2018-04-25T12:23:37","date_gmt":"2018-04-25T12:23:37","guid":{"rendered":"http:\/\/demo.acmethemes.com\/construction-field\/?page_id=308"},"modified":"2024-01-10T01:25:26","modified_gmt":"2024-01-10T01:25:26","slug":"building-your-dream-together","status":"publish","type":"page","link":"https:\/\/bioterre.es\/ca\/building-your-dream-together\/","title":{"rendered":"Construcci\u00f3 sostenible"},"content":{"rendered":"<p class=\"has-black-color has-text-color\">Construimos obra nueva, reformamos mas\u00edas, hacemos movimientos de tierra, construcciones de madera, expertos en b\u00f3veda catalana y aplicaci\u00f3n de tapial. Montamos forjados y tejados de madera km0<\/p>\n\n\n\n<ul class=\"wp-block-list\">\n<li><span style=\"font-weight: 400;\">constructora<\/span><\/li>\n\n\n\n<li><span style=\"font-weight: 400;\">b\u00f3vedas catalanas<\/span><\/li>\n\n\n\n<li><span style=\"font-weight: 400;\">movimientos de tierra<\/span><\/li>\n\n\n\n<li>forjados y tejados de madera<\/li>\n\n\n\n<li>casas<\/li>\n\n\n\n<li>reformas<\/li>\n\n\n\n<li>restauraci\u00f3n<\/li>\n\n\n\n<li>asesoramiento para reforma u obra nueva<\/li>\n\n\n\n<li>preparaci\u00f3n de vigas de madera<\/li>\n<\/ul>","protected":false},"excerpt":{"rendered":"<p>La construcci\u00f3 ecol\u00f2gica de qualitat.<\/p>","protected":false},"author":1,"featured_media":661,"parent":0,"menu_order":0,"comment_status":"closed","ping_status":"closed","template":"","meta":{"footnotes":""},"class_list":["post-72","page","type-page","status-publish","has-post-thumbnail","hentry"],"_links":{"self":[{"href":"https:\/\/bioterre.es\/ca\/wp-json\/wp\/v2\/pages\/72","targetHints":{"allow":["GET"]}}],"collection":[{"href":"https:\/\/bioterre.es\/ca\/wp-json\/wp\/v2\/pages"}],"about":[{"href":"https:\/\/bioterre.es\/ca\/wp-json\/wp\/v2\/types\/page"}],"author":[{"embeddable":true,"href":"https:\/\/bioterre.es\/ca\/wp-json\/wp\/v2\/users\/1"}],"replies":[{"embeddable":true,"href":"https:\/\/bioterre.es\/ca\/wp-json\/wp\/v2\/comments?post=72"}],"version-history":[{"count":0,"href":"https:\/\/bioterre.es\/ca\/wp-json\/wp\/v2\/pages\/72\/revisions"}],"wp:featuredmedia":[{"embeddable":true,"href":"https:\/\/bioterre.es\/ca\/wp-json\/wp\/v2\/media\/661"}],"wp:attachment":[{"href":"https:\/\/bioterre.es\/ca\/wp-json\/wp\/v2\/media?parent=72"}],"curies":[{"name":"wp","href":"https:\/\/api.w.org\/{rel}","templated":true}]}}