{"id":3,"date":"2023-10-28T04:51:56","date_gmt":"2023-10-28T04:51:56","guid":{"rendered":"https:\/\/wp14.salesmatch.org\/?page_id=3"},"modified":"2024-01-19T15:19:40","modified_gmt":"2024-01-19T15:19:40","slug":"politica-privacidad","status":"publish","type":"page","link":"https:\/\/bioterre.es\/ca\/politica-privacidad\/","title":{"rendered":"Pol\u00edtica de privacidad"},"content":{"rendered":"<h2 class=\"wp-block-heading\">POL\u00cdTICAS DE PRIVACIDAD<\/h2>\n\n\n\n<p>De conformidad con lo dispuesto por la Ley Org\u00e1nica 3\/2018, de 5 de diciembre, de Protecci\u00f3n de Datos Personales y garant\u00eda de los derechos digitales, por la Ley 34\/2002, de 11 de julio, de Servicios de la Sociedad de la Informaci\u00f3n y de Comercio Electr\u00f3nico (LSSICE), y de acuerdo con las directrices de la normativa vigente en materia de protecci\u00f3n de datos personales, el Reglamento (UE) 2016\/679 de 27 de abril de 2016 (RGPD), relativo a la protecci\u00f3n de las personas f\u00edsicas en cuanto al tratamiento de datos personales y a la libre circulaci\u00f3n de estos datos, ha puesto en pr\u00e1ctica aquellas pol\u00edticas, medios y procedimientos t\u00e9cnicos y organizativos para garantizar y proteger la confidencialidad, integridad y disponibilidad de los datos de car\u00e1cter personal de sus usuarios. Promocions Bioterre S.L. indica a continuaci\u00f3n sus datos de informaci\u00f3n: Titularidad: Albert Ventura Serra NIF: B17937806 con domicilio en Ctra. Girona S\/N, 17172 Les Planes d\u2019Hostoles.<\/p>\n\n\n\n<p>En el caso de que los datos a facilitar por el Usuario fueran necesarios para que Promocions Bioterre S.L. &nbsp;pudiera I) responder a las consultas, proporcionar informaciones requeridas por el Usuario; II) realizar toda aquella prestaci\u00f3n de servicios y\/o productos contratados o suscritos por el Usuario, gesti\u00f3n y administraci\u00f3n de pedidos; III) proporcionar acceso al Usuario a determinadas funcionalidades del Sitio Web; IV) en el caso de suscripci\u00f3n a bolet\u00edn electr\u00f3nico para recibir informaci\u00f3n y comunicaciones comerciales del Sitio Web; o bien; V) realizar todas aquellas actividades propias de Promocions Bioterre S.L. por la presente rese\u00f1adas. Promocions Bioterre S.L. informar\u00e1 de dicha obligatoriedad al Usuario, indic\u00e1ndole qu\u00e9 datos son de necesaria cumplimentaci\u00f3n mediante la indicaci\u00f3n, facilitaci\u00f3n o introducci\u00f3n de dichos datos y de conformidad con lo establecido en el art\u00edculo 6 de la L.O.P.D., el Usuario otorga consentimiento a Promocions Bioterre S.L. &nbsp;para que proceda al tratamiento de los datos facilitados en pro de los fines mencionados anteriormente y especificados en cada supuesto.<\/p>\n\n\n\n<p>La entidad responsable de la base de datos, as\u00ed como los que intervengan en cualquier fase del tratamiento y\/o las entidades a quienes les hayan sido comunicadas -en su caso y en virtud de la correspondiente autorizaci\u00f3n conferida por el Usuario-, est\u00e1n obligadas a observar el secreto profesional y a adoptar los niveles de protecci\u00f3n y las medidas t\u00e9cnicas y organizativas necesarias a su alcance que garanticen la seguridad de los datos de car\u00e1cter personal, evitando, en la medida de lo posible, accesos no autorizados, modificaciones il\u00edcitas, sustracciones y\/o la p\u00e9rdida de los datos, a fin de procurar el correspondiente nivel de seguridad a los ficheros de Promocions Bioterre S.L., seg\u00fan la naturaleza y sensibilidad de los datos facilitados por los usuarios del presente Sitio Web. Asimismo, Promocions Bioterre S.L. &nbsp;se compromete a tener implementadas las medidas de seguridad que correspondan en virtud de lo establecido en el Reglamento de Medidas de (R.D. 1720\/2007).<\/p>\n\n\n\n<p>Promocions Bioterre S.L. &nbsp;trabaja con los siguientes proveedores de servicios, tambi\u00e9n comprometidos al cumplimiento de las disposiciones normativas de aplicaci\u00f3n en materia de protecci\u00f3n de datos:<\/p>\n\n\n\n<p>OVH Hispano, S.L. (OVHCLoud) NIF: B-83834747 &nbsp;Domicilio social: C\/ Alcal\u00e1 21, 5.\u00aa planta, 28014 Madrid, Espa\u00f1a. Inscrita en el Registro Mercantil de Madrid en el tomo 19.514, folio 77, secci\u00f3n 8, hoja M-342678, proporciona servicios de dominio web y correo profesional. Pol\u00edtica de privacidad y aspectos legales:&nbsp;<a href=\"https:\/\/www.ovhcloud.com\/es-es\/terms-and-conditions\/\">https:\/\/www.ovhcloud.com\/es-es\/terms-and-conditions\/<\/a><\/p>\n\n\n\n<p>SalesMatch.Ai con domicilio en Pla\u00e7a de Pau Vila, 1, 08003 Barcelona, Espa\u00f1a. Que presta servicio de CRM para el tratamiento de datos en los que incluyen las siguientes categor\u00edas; datos de identificaci\u00f3n, direcci\u00f3n postal y electr\u00f3nica, informaci\u00f3n comercial, datos econ\u00f3micos para el cobro. Los datos se almacenar\u00e1n en servidores de la plataforma Amazon Web Services y en Pipedrive CRM. Pol\u00edtica de privacidad y aspectos legales:&nbsp;<a href=\"https:\/\/salesmatch.ai\/es\/terminos-legales\/\">https:\/\/salesmatch.ai\/es\/terminos-legales\/<\/a><\/p>\n\n\n\n<p>MailerLite JSC (MailerLite) con domicilio en Paupio str. 28, LT-11341 Vilnius, Lithuania. C\u00f3digo de registro 302942057. VAT VAT LT100007448516. Proporciona servicios para el env\u00edo v\u00eda email de comunicaciones informativas y\/o comerciales. Pol\u00edtica de privacidad y aspectos legales: https:\/\/&nbsp;<a href=\"http:\/\/www.mailerlite.com\/legal\">www.mailerlite.com\/legal<\/a>&nbsp;Participa y ha certificado su cumplimiento con el marco del acuerdo entre EE.UU. y la Uni\u00f3n Europea, Privacy Shield, habi\u00e9ndose comprometido a someter toda la informaci\u00f3n personal recibida de pa\u00edses miembros de la Uni\u00f3n Europea.<\/p>\n\n\n\n<p>Google LLC (Google) con domicilio en 1600 Amphitheatre Parkway, 94043, Mountain View (California), Estados Unidos, que presta los servicios de computaci\u00f3n en la nube. Pol\u00edtica de privacidad y aspectos legales: https:\/\/&nbsp;<a href=\"https:\/\/www.google.com\/intl\/es\/policies\/privacy\">www.google.com\/intl\/es\/policies\/privacy<\/a>\/ Participa y ha certificado su cumplimiento con el marco del acuerdo entre EE.UU. y la Uni\u00f3n Europea, Privacy Shield, habi\u00e9ndose comprometido a someter toda la informaci\u00f3n personal recibida de pa\u00edses miembros de la Uni\u00f3n Europea:&nbsp;<a href=\"https:\/\/www.privacyshield.gov\/participant?id=a2zt000000001L5AAI&amp;status=Active\">https:\/\/www.privacyshield.gov\/participant?id=a2zt000000001L5&#8230;<\/a><\/p>\n\n\n\n<p>Los usuarios tienen reconocidos por la indicada Ley Org\u00e1nica de Protecci\u00f3n de Datos los derechos de acceso, rectificaci\u00f3n, cancelaci\u00f3n, oposici\u00f3n, portabilidad y, en su caso, el derecho a revocar en cualquier momento el consentimiento prestado a la recepci\u00f3n de comunicaciones comerciales. Tambi\u00e9n podr\u00e1n, en determinadas circunstancias, solicitar la limitaci\u00f3n del tratamiento de los datos, en cuyo caso \u00fanicamente los conservaremos para el ejercicio o la defensa de reclamaciones. Todo ello mediante el env\u00edo de un correo electr\u00f3nico a&nbsp;info@bioterre.es.<\/p>","protected":false},"excerpt":{"rendered":"<p>POL\u00cdTICAS DE PRIVACIDAD De conformidad con lo dispuesto por la Ley Org\u00e1nica 3\/2018, de 5 de diciembre, de Protecci\u00f3n de Datos Personales y garant\u00eda de los derechos digitales, por la Ley 34\/2002, de 11 de julio, de Servicios de la Sociedad de la Informaci\u00f3n y de Comercio Electr\u00f3nico (LSSICE), y de acuerdo con las directrices [&hellip;]<\/p>","protected":false},"author":1,"featured_media":0,"parent":0,"menu_order":0,"comment_status":"closed","ping_status":"open","template":"","meta":{"footnotes":""},"class_list":["post-3","page","type-page","status-publish","hentry"],"_links":{"self":[{"href":"https:\/\/bioterre.es\/ca\/wp-json\/wp\/v2\/pages\/3","targetHints":{"allow":["GET"]}}],"collection":[{"href":"https:\/\/bioterre.es\/ca\/wp-json\/wp\/v2\/pages"}],"about":[{"href":"https:\/\/bioterre.es\/ca\/wp-json\/wp\/v2\/types\/page"}],"author":[{"embeddable":true,"href":"https:\/\/bioterre.es\/ca\/wp-json\/wp\/v2\/users\/1"}],"replies":[{"embeddable":true,"href":"https:\/\/bioterre.es\/ca\/wp-json\/wp\/v2\/comments?post=3"}],"version-history":[{"count":0,"href":"https:\/\/bioterre.es\/ca\/wp-json\/wp\/v2\/pages\/3\/revisions"}],"wp:attachment":[{"href":"https:\/\/bioterre.es\/ca\/wp-json\/wp\/v2\/media?parent=3"}],"curies":[{"name":"wp","href":"https:\/\/api.w.org\/{rel}","templated":true}]}}