{"id":144,"date":"2018-04-24T08:31:20","date_gmt":"2018-04-24T08:31:20","guid":{"rendered":"http:\/\/demo.acmethemes.com\/construction-field-pro\/?page_id=25"},"modified":"2024-01-13T03:15:33","modified_gmt":"2024-01-13T03:15:33","slug":"about","status":"publish","type":"page","link":"https:\/\/bioterre.es\/ca\/about\/","title":{"rendered":"Sobre Nosaltres"},"content":{"rendered":"<div class=\"wp-block-image\">\n<figure class=\"aligncenter size-full is-resized\"><img decoding=\"async\" width=\"2560\" height=\"1707\" src=\"https:\/\/bioterre.es\/wp-content\/uploads\/2024\/01\/foto-nosotros2-promocions-bioterre-1-scaled.webp\" alt=\"\" class=\"wp-image-548\" style=\"aspect-ratio:1.7777777777777777;object-fit:cover;width:695px;height:auto\" srcset=\"https:\/\/bioterre.es\/wp-content\/uploads\/2024\/01\/foto-nosotros2-promocions-bioterre-1-scaled.webp 2560w, https:\/\/bioterre.es\/wp-content\/uploads\/2024\/01\/foto-nosotros2-promocions-bioterre-1-300x200.webp 300w, https:\/\/bioterre.es\/wp-content\/uploads\/2024\/01\/foto-nosotros2-promocions-bioterre-1-1024x683.webp 1024w, https:\/\/bioterre.es\/wp-content\/uploads\/2024\/01\/foto-nosotros2-promocions-bioterre-1-768x512.webp 768w, https:\/\/bioterre.es\/wp-content\/uploads\/2024\/01\/foto-nosotros2-promocions-bioterre-1-1536x1024.webp 1536w, https:\/\/bioterre.es\/wp-content\/uploads\/2024\/01\/foto-nosotros2-promocions-bioterre-1-2048x1365.webp 2048w, https:\/\/bioterre.es\/wp-content\/uploads\/2024\/01\/foto-nosotros2-promocions-bioterre-1-600x400.webp 600w\" sizes=\"(max-width: 2560px) 100vw, 2560px\" \/><\/figure>\n<\/div>\n\n\n<div class=\"wp-block-group\"><div class=\"wp-block-group__inner-container is-layout-constrained wp-block-group-is-layout-constrained\">\n<h2 class=\"wp-block-heading\">La nostra hist\u00f2ria<\/h2>\n\n\n\n<div class=\"wp-block-group\"><div class=\"wp-block-group__inner-container is-layout-constrained wp-block-group-is-layout-constrained\">\n<p class=\"has-text-align-left has-black-color has-text-color has-link-color wp-elements-0cca6bb5e618f63f3ef02f40acd70878\"><\/p>\n\n\n\n<p><\/p>\n\n\n\n<p><\/p>\n\n\n\n<p><\/p>\n\n\n\n<p>Promocions Bioterre \u00e9s una petita empresa familiar fundada pel meu pare com a resultat d'anys d'experi\u00e8ncia al sector de la construcci\u00f3 i una trobada casual que es va tornar una amistat de tota la vida.<\/p>\n\n\n\n<p>El meu avi, havent viscut les derivacions de la guerra a primera m\u00e0, r\u00e0pidament es va posar a construir cases per llogar a causa de la gran demanda urgent a la postguerra, posant en marxa diversos negocis al poble, tots a c\u00e0rrec dels seus familiars m\u00e9s propers, fent ell mateix les reformes i construccions necess\u00e0ries.<\/p>\n\n\n\n<p>El meu pare va anar seguint els seus passos at\u00e8s que tenia gran inter\u00e8s per l'arquitectura fins que es va fer amic d'un arquitecte que practicava ecoarquitectura. Aquest va comprar una de les masies del meu avi i ens va trucar per ajudar-lo a construir casa seva, moment en qu\u00e8 coneixem i prenem contacte amb l'arquitectura org\u00e0nica.<\/p>\n\n\n\n<p>La nostra fam\u00edlia, que sempre havia treballat amb la terra i la ramaderia, vam connectar amb els principis de la construcci\u00f3 sostenible i aix\u00ed va ser com el meu pare, influenciat per aquest amic de l'ecoarquitectura, Gabi Barbeta, van fundar junts la primera f\u00e0brica de BTC a Espanya, la que avui dia continua sent l'\u00fanica m\u00e0quina autom\u00e0tica d'invenci\u00f3 pr\u00f2pia. I mentre portava una bioconstructora associat amb arquitectes que experimentaven amb dissenys org\u00e0nics fora del que era convencional, fabricava blocs de BTC Bioterre\u00ae a demanda.<\/p>\n\n\n\n<p>Jo per part meva, vaig cr\u00e9ixer en aquest ambient fabricant blocs amb el meu pare de petit. Aix\u00ed que en cr\u00e9ixer, vaig anar seguint els seus passos, aprenent totes les t\u00e8cniques de construcci\u00f3 artesanal.<\/p>\n\n\n\n<p>Actualment em dedico a l'empresa, a poc a poc prenent el seu relleu i fent-me c\u00e0rrec del que va comen\u00e7ar el meu pare, amb la idea de fer cr\u00e9ixer la nostra f\u00e0brica prioritzant el nostre potencial. Crec fermament que \u00e9s possible millorar la qualitat de vida mitjan\u00e7ant una construcci\u00f3 que afavoreix la bona salut dels residents.<\/p>\n\n\n\n<p>I aix\u00ed a poc a poc anem ampliant els nostres serveis per oferir als nostres clients productes de la nostra serradora.<\/p>\n\n\n\n<p><br><\/p>\n<\/div><\/div>\n<\/div><\/div>\n\n\n\n<div class=\"container\">\n  <div class=\"row\">\n    <div class=\"col-lg-3 col-md-6 columna\">\n      <div class=\"esfera\" style=\"background-color: #DCAA52; color: #fff;\">FAM\u00cdLIA I CULTURA <\/div>\n      <p>A la nostra empresa valorem la Fam\u00edlia i la Cultura, per a nosaltres, \u00e9s el pilar que ens sustenta i ens ha portat fins aqu\u00ed, \u00e9s la nostra prioritat que cuidem i protegim per sobre de tot, i ens alegra poder treballar per a les fam\u00edlies que volen construir un lloc segur on criar la pr\u00f2pia fam\u00edlia i crear la seva cultura familiar.<\/p>\n    <\/div>\n\n    <div class=\"col-lg-3 col-md-6 columna\">\n      <div class=\"esfera\" style=\"background-color: #D99748; color: #fff;\">COMPROM\u00cdS <\/div>\n      <p>El Comprom\u00eds per a nosaltres \u00e9s un valor que guia les nostres relacions i procurem cultivar en tot all\u00f2 que dep\u00e8n de nosaltres, \u00e9s per aix\u00f2 que ho valorem amb serietat i responsabilitat. Tot comprom\u00eds adquirit ha de ser complert.<\/p>\n    <\/div>\n\n    <div class=\"col-lg-3 col-md-6 columna\">\n      <div class=\"esfera\" style=\"background-color: #e6be57; color: #fff;\">HONESTEDAT<\/div>\n      <p>L'Honestedat \u00e9s el valor que mou les nostres activitats del dia a dia, ens agrada ser justos i veritables en tot all\u00f2 que fem i diem buscant millorar com a persones i empresa, incloent el que esperen rebre de nosaltres els nostres clients en qualitat del servei al client.<\/p>\n    <\/div>\n\n    <div class=\"col-lg-3 col-md-6 columna\">\n      <div class=\"esfera\" style=\"background-color: #dcb879; color: #fff;\">ECOLOGIA I SUSTENTABILITAT<\/div>\n      <p>L'Ecologia i la Sostenibilitat \u00e9s el pilar que mou la nostra empresa, portant els nostres productes i serveis cap a un m\u00f3n on l'home i la natura poden viure en harmonia i salut, b\u00e9 avui b\u00e9 per als nostres n\u00e9ts i besn\u00e9ts.<\/p>\n    <\/div>\n  <\/div>\n<\/div>\n\n\n<pre class=\"ti-widget\"><template id=\"trustindex-google-widget-html\"><div class=\"ti-widget  ti-goog ti-review-text-mode-readmore ti-text-align-center\" data-no-translation=\"true\" data-plugin-version=\"13.2.9\" data-layout-id=\"13\" data-layout-category=\"slider\" data-set-id=\"light-background\" data-pid=\"\" data-language=\"es\" data-close-locale=\"Cerca\" data-review-target-width=\"275\" data-css-version=\"2\" data-reply-by-locale=\"Respuesta del propietario\" data-only-rating-locale=\"Esta usuario solo dej\u00f3 una calificaci\u00f3n.\" data-pager-autoplay-timeout=\"6\"> <div class=\"ti-widget-container ti-col-4\"> <div class=\"ti-footer source-Google\"> <div class=\"ti-row\"> <div class=\"ti-profile-img\"> <trustindex-image data-imgurl=\"https:\/\/lh5.googleusercontent.com\/p\/AF1QipOqRysErHY_IsgCESCpZiM2Y_1iMFm6ZRPGNm8=w65-h65-k-no-p\" alt=\"Promocions Bioterre\" loading=\"lazy\"><\/trustindex-image> <\/div> <div class=\"ti-profile-details\"> <div class=\"ti-name\"> Promocions Bioterre<\/div> <span class=\"ti-stars\"><trustindex-image class=\"ti-star\" data-imgurl=\"https:\/\/cdn.trustindex.io\/assets\/platform\/Google\/star\/f.svg\" alt=\"Google star 1\" width=\"17\" height=\"17\" loading=\"lazy\"><\/trustindex-image><trustindex-image class=\"ti-star\" data-imgurl=\"https:\/\/cdn.trustindex.io\/assets\/platform\/Google\/star\/f.svg\" alt=\"Google star 2\" width=\"17\" height=\"17\" loading=\"lazy\"><\/trustindex-image><trustindex-image class=\"ti-star\" data-imgurl=\"https:\/\/cdn.trustindex.io\/assets\/platform\/Google\/star\/f.svg\" alt=\"Google star 3\" width=\"17\" height=\"17\" loading=\"lazy\"><\/trustindex-image><trustindex-image class=\"ti-star\" data-imgurl=\"https:\/\/cdn.trustindex.io\/assets\/platform\/Google\/star\/f.svg\" alt=\"Google star 4\" width=\"17\" height=\"17\" loading=\"lazy\"><\/trustindex-image><trustindex-image class=\"ti-star\" data-imgurl=\"https:\/\/cdn.trustindex.io\/assets\/platform\/Google\/star\/f.svg\" alt=\"Google star 5\" width=\"17\" height=\"17\" loading=\"lazy\"><\/trustindex-image><\/span> <div class=\"ti-rating-text\"> <span class=\"nowrap\"><strong>3 rese\u00f1as Google<\/strong><\/span> <\/div> <div class=\"ti-header-write-btn-container\"> <a href=\"https:\/\/admin.trustindex.io\/api\/googleWriteReview?place-id=ChIJsbzjmK7PuhIRtysKoAHASfs\" class=\"ti-header-write-btn\" role=\"button\" aria-label=\"Escribe una rese\u00f1a a Google\" target=\"_blank\" rel=\"noopener\">Escribe una rese\u00f1a<\/a> <\/div>  <\/div> <\/div> <\/div> <div class=\"ti-reviews-container\"> <div class=\"ti-controls\"> <div class=\"ti-next\" aria-label=\"Siguiente rese\u00f1a\" role=\"button\" tabindex=\"0\"><\/div> <div class=\"ti-prev\" aria-label=\"Rese\u00f1a anterior\" role=\"button\" tabindex=\"0\"><\/div> <\/div> <div class=\"ti-reviews-container-wrapper\">  <div data-empty=\"0\" class=\"ti-review-item source-Google ti-image-layout-thumbnail\" data-id=\"cfcd208495d565ef66e7dff9f98764da\"> <div class=\"ti-inner\"> <div class=\"ti-review-header\"> <div class=\"ti-platform-icon ti-with-tooltip\"> <span class=\"ti-tooltip\">Publicado en <\/span> <trustindex-image data-imgurl=\"https:\/\/cdn.trustindex.io\/assets\/platform\/Google\/icon.svg\" alt=\"\" width=\"20\" height=\"20\" loading=\"lazy\"><\/trustindex-image> <\/div> <div class=\"ti-profile-img\"> <trustindex-image data-imgurl=\"https:\/\/lh3.googleusercontent.com\/a\/ACg8ocKIYZ5-P1-tc7RPUSG6cvKyM3yuiX9pLhvc-V7EUEeR=w40-h40-c-rp-mo-br100\" alt=\"Francesc Armengol Roca profile picture\" loading=\"lazy\"><\/trustindex-image> <\/div> <div class=\"ti-profile-details\"> <div class=\"ti-name\"> Francesc Armengol Roca <\/div> <div class=\"ti-date\">12\/02\/2024<\/div> <\/div> <\/div> <span class=\"ti-stars\"><trustindex-image class=\"ti-star\" data-imgurl=\"https:\/\/cdn.trustindex.io\/assets\/platform\/Google\/star\/f.svg\" alt=\"Google star 1\" width=\"17\" height=\"17\" loading=\"lazy\"><\/trustindex-image><trustindex-image class=\"ti-star\" data-imgurl=\"https:\/\/cdn.trustindex.io\/assets\/platform\/Google\/star\/f.svg\" alt=\"Google star 2\" width=\"17\" height=\"17\" loading=\"lazy\"><\/trustindex-image><trustindex-image class=\"ti-star\" data-imgurl=\"https:\/\/cdn.trustindex.io\/assets\/platform\/Google\/star\/f.svg\" alt=\"Google star 3\" width=\"17\" height=\"17\" loading=\"lazy\"><\/trustindex-image><trustindex-image class=\"ti-star\" data-imgurl=\"https:\/\/cdn.trustindex.io\/assets\/platform\/Google\/star\/f.svg\" alt=\"Google star 4\" width=\"17\" height=\"17\" loading=\"lazy\"><\/trustindex-image><trustindex-image class=\"ti-star\" data-imgurl=\"https:\/\/cdn.trustindex.io\/assets\/platform\/Google\/star\/f.svg\" alt=\"Google star 5\" width=\"17\" height=\"17\" loading=\"lazy\"><\/trustindex-image><span class=\"ti-verified-review ti-verified-platform\"><span class=\"ti-verified-tooltip\">Trustindex verifica que la fuente original de la rese\u00f1a sea Google.<\/span><\/span><\/span> <div class=\"ti-review-text-container ti-review-content\"><!-- R-CONTENT -->Molt bon tracte, serietat en tot el proc\u00e9s i bon material. Del tot recomanable<!-- R-CONTENT --><\/div> <span class=\"ti-read-more\" data-container=\".ti-review-content\" data-collapse-text=\"Ocultar\" data-open-text=\"Leer m\u00e1s\"><\/span> <\/div> <\/div>  <div data-empty=\"0\" class=\"ti-review-item source-Google ti-image-layout-thumbnail\" data-id=\"cfcd208495d565ef66e7dff9f98764da\"> <div class=\"ti-inner\"> <div class=\"ti-review-header\"> <div class=\"ti-platform-icon ti-with-tooltip\"> <span class=\"ti-tooltip\">Publicado en <\/span> <trustindex-image data-imgurl=\"https:\/\/cdn.trustindex.io\/assets\/platform\/Google\/icon.svg\" alt=\"\" width=\"20\" height=\"20\" loading=\"lazy\"><\/trustindex-image> <\/div> <div class=\"ti-profile-img\"> <trustindex-image data-imgurl=\"https:\/\/lh3.googleusercontent.com\/a-\/ALV-UjULIZBp_tV5gxQXVIsh1qAUagbYHF1MbL37KQQquEBXrg=w40-h40-c-rp-mo-br100\" alt=\"Jos\u00e9 Mar\u00eda Romeu profile picture\" loading=\"lazy\"><\/trustindex-image> <\/div> <div class=\"ti-profile-details\"> <div class=\"ti-name\"> Jos\u00e9 Mar\u00eda Romeu <\/div> <div class=\"ti-date\">14\/12\/2023<\/div> <\/div> <\/div> <span class=\"ti-stars\"><trustindex-image class=\"ti-star\" data-imgurl=\"https:\/\/cdn.trustindex.io\/assets\/platform\/Google\/star\/f.svg\" alt=\"Google star 1\" width=\"17\" height=\"17\" loading=\"lazy\"><\/trustindex-image><trustindex-image class=\"ti-star\" data-imgurl=\"https:\/\/cdn.trustindex.io\/assets\/platform\/Google\/star\/f.svg\" alt=\"Google star 2\" width=\"17\" height=\"17\" loading=\"lazy\"><\/trustindex-image><trustindex-image class=\"ti-star\" data-imgurl=\"https:\/\/cdn.trustindex.io\/assets\/platform\/Google\/star\/f.svg\" alt=\"Google star 3\" width=\"17\" height=\"17\" loading=\"lazy\"><\/trustindex-image><trustindex-image class=\"ti-star\" data-imgurl=\"https:\/\/cdn.trustindex.io\/assets\/platform\/Google\/star\/f.svg\" alt=\"Google star 4\" width=\"17\" height=\"17\" loading=\"lazy\"><\/trustindex-image><trustindex-image class=\"ti-star\" data-imgurl=\"https:\/\/cdn.trustindex.io\/assets\/platform\/Google\/star\/f.svg\" alt=\"Google star 5\" width=\"17\" height=\"17\" loading=\"lazy\"><\/trustindex-image><span class=\"ti-verified-review ti-verified-platform\"><span class=\"ti-verified-tooltip\">Trustindex verifica que la fuente original de la rese\u00f1a sea Google.<\/span><\/span><\/span> <div class=\"ti-review-text-container ti-review-content\"><!-- R-CONTENT -->Los lideres de la construcci\u00f3n ecol\u00f3gica en Espa\u00f1a!<!-- R-CONTENT --><\/div> <span class=\"ti-read-more\" data-container=\".ti-review-content\" data-collapse-text=\"Ocultar\" data-open-text=\"Leer m\u00e1s\"><\/span> <\/div> <\/div>  <div data-empty=\"1\" class=\"ti-review-item source-Google ti-image-layout-thumbnail\" data-id=\"cfcd208495d565ef66e7dff9f98764da\"> <div class=\"ti-inner\"> <div class=\"ti-review-header\"> <div class=\"ti-platform-icon ti-with-tooltip\"> <span class=\"ti-tooltip\">Publicado en <\/span> <trustindex-image data-imgurl=\"https:\/\/cdn.trustindex.io\/assets\/platform\/Google\/icon.svg\" alt=\"\" width=\"20\" height=\"20\" loading=\"lazy\"><\/trustindex-image> <\/div> <div class=\"ti-profile-img\"> <trustindex-image data-imgurl=\"https:\/\/lh3.googleusercontent.com\/a-\/ALV-UjWU1JobVEoaJARdrfmaCxZOnpevDpbfcPhWUbfFQIgD3n7e=w40-h40-c-rp-mo-br100\" alt=\"Gustau Zariquiey Esteva profile picture\" loading=\"lazy\"><\/trustindex-image> <\/div> <div class=\"ti-profile-details\"> <div class=\"ti-name\"> Gustau Zariquiey Esteva <\/div> <div class=\"ti-date\">24\/11\/2023<\/div> <\/div> <\/div> <span class=\"ti-stars\"><trustindex-image class=\"ti-star\" data-imgurl=\"https:\/\/cdn.trustindex.io\/assets\/platform\/Google\/star\/f.svg\" alt=\"Google star 1\" width=\"17\" height=\"17\" loading=\"lazy\"><\/trustindex-image><trustindex-image class=\"ti-star\" data-imgurl=\"https:\/\/cdn.trustindex.io\/assets\/platform\/Google\/star\/f.svg\" alt=\"Google star 2\" width=\"17\" height=\"17\" loading=\"lazy\"><\/trustindex-image><trustindex-image class=\"ti-star\" data-imgurl=\"https:\/\/cdn.trustindex.io\/assets\/platform\/Google\/star\/f.svg\" alt=\"Google star 3\" width=\"17\" height=\"17\" loading=\"lazy\"><\/trustindex-image><trustindex-image class=\"ti-star\" data-imgurl=\"https:\/\/cdn.trustindex.io\/assets\/platform\/Google\/star\/f.svg\" alt=\"Google star 4\" width=\"17\" height=\"17\" loading=\"lazy\"><\/trustindex-image><trustindex-image class=\"ti-star\" data-imgurl=\"https:\/\/cdn.trustindex.io\/assets\/platform\/Google\/star\/f.svg\" alt=\"Google star 5\" width=\"17\" height=\"17\" loading=\"lazy\"><\/trustindex-image><span class=\"ti-verified-review ti-verified-platform\"><span class=\"ti-verified-tooltip\">Trustindex verifica que la fuente original de la rese\u00f1a sea Google.<\/span><\/span><\/span> <div class=\"ti-review-text-container ti-review-content\"><!-- R-CONTENT --><!-- R-CONTENT --><\/div> <span class=\"ti-read-more\" data-container=\".ti-review-content\" data-collapse-text=\"Ocultar\" data-open-text=\"Leer m\u00e1s\"><\/span> <\/div> <\/div>  <\/div> <div class=\"ti-controls-line\"> <div class=\"dot\"><\/div> <\/div>   <\/div> <\/div> <\/div> <\/template><\/pre><div data-src=\"https:\/\/cdn.trustindex.io\/loader.js?wp-widget\" data-template-id=\"trustindex-google-widget-html\" data-css-url=\"https:\/\/bioterre.es\/wp-content\/uploads\/trustindex-google-widget.css?1776167025\"><\/div>\n\n\n\n<p><\/p>","protected":false},"excerpt":{"rendered":"<p>Nuestra historia Promocions Bioterre es una peque\u00f1a empresa familiar fundada por mi padre como resultado de a\u00f1os de experiencia en el sector de la construcci\u00f3n y un casual encuentro que se volvi\u00f3 una amistad de toda la vida. Mi abuelo, habiendo vivido las derivaciones de la guerra en primera mano, r\u00e1pidamente se puso a construir [&hellip;]<\/p>","protected":false},"author":1,"featured_media":0,"parent":0,"menu_order":0,"comment_status":"closed","ping_status":"closed","template":"","meta":{"footnotes":""},"class_list":["post-144","page","type-page","status-publish","hentry"],"_links":{"self":[{"href":"https:\/\/bioterre.es\/ca\/wp-json\/wp\/v2\/pages\/144","targetHints":{"allow":["GET"]}}],"collection":[{"href":"https:\/\/bioterre.es\/ca\/wp-json\/wp\/v2\/pages"}],"about":[{"href":"https:\/\/bioterre.es\/ca\/wp-json\/wp\/v2\/types\/page"}],"author":[{"embeddable":true,"href":"https:\/\/bioterre.es\/ca\/wp-json\/wp\/v2\/users\/1"}],"replies":[{"embeddable":true,"href":"https:\/\/bioterre.es\/ca\/wp-json\/wp\/v2\/comments?post=144"}],"version-history":[{"count":0,"href":"https:\/\/bioterre.es\/ca\/wp-json\/wp\/v2\/pages\/144\/revisions"}],"wp:attachment":[{"href":"https:\/\/bioterre.es\/ca\/wp-json\/wp\/v2\/media?parent=144"}],"curies":[{"name":"wp","href":"https:\/\/api.w.org\/{rel}","templated":true}]}}